{"id":10112,"date":"2026-03-04T15:32:45","date_gmt":"2026-03-04T14:32:45","guid":{"rendered":"https:\/\/www.labottegaliventina.com\/?post_type=product&#038;p=10112"},"modified":"2026-03-27T14:52:04","modified_gmt":"2026-03-27T13:52:04","slug":"cerchietto-imbottito-petali-rosa","status":"publish","type":"product","link":"https:\/\/www.labottegaliventina.com\/en\/prodotti\/cerchietto-imbottito-petali-rosa\/","title":{"rendered":"Cerchietto imbottito con petali di rosa in seta"},"content":{"rendered":"<h1>Dettagli prodotto<\/h1>\n<p>Cerchietto imbottito e rivestito in duchesse satin bianco con applicazione di petali di rosa in organza di seta sull&#8217;intera superficie. Altezza decoro circa 6 cm (nella parte pi\u00f9 alta), larghezza cerchietto 4 cm pi\u00f9 imbottitura. Ogni singolo petalo \u00e8 lavorato con strumenti di modisteria per renderlo tridimensionale, dopodich\u00e9 viene cucito a mano sulla superficie dell&#8217;imbottitura. Il rivestito interno del cerchietto \u00e8 in similpelle scamosciata marrone chiaro, per un comfort ottimale.<\/p>\n<h2>Consigli di stile<\/h2>\n<p>Accessorio leggero ed etereo ma dall&#8217;incredibile effetto scenografico. Questo cerchietto imbottito con petali di rosa in seta \u00e8 adatto ad abiti importanti dal taglio sartoriale e moderno, ma anche ad abiti romantici sugli stessi toni del bianco seta. E&#8217; perfetto per impreziosire una acconciatura libera e naturale, ed \u00e8 adatto anche a una sposa dai capelli corti. Il rivestimento in similpelle scamosciata lo rende un accessorio stabile e molto comodo da indossare. Completa il look con gli <a href=\"https:\/\/www.labottegaliventina.com\/prodotti\/orecchini-in-argento-925-oro-rosa-e-cristalli-trasparenti\/\">orecchini con fiore in madreperla<\/a> oppure con gli <a href=\"https:\/\/www.labottegaliventina.com\/prodotti\/orecchini-acciaio-perle-cuore\/\">orecchini con perle barocche cuore<\/a>.<\/p>\n<h3>La Collezione<\/h3>\n<p>La Collezione PRERAFFAELLITI si ispira alle romantiche e sognanti atmosfere medievali delle opere di John W. Waterhouse, Dante G. Rossetti e Joanna M. Boyce. Colorati e dal sapore vintage, questi accessori per capelli hanno un carattere forte e non convenzionale, perfetti per chi ama uno stile r\u00e9tro raffinato.<\/p>\n<h3>Altre informazioni<\/h3>\n<p>Ogni creazione firmata LA BOTTEGA LIVENTINA \u00e8 rigorosamente fatta a mano nel mio studio di Motta di Livenza, fra le province di Treviso, Pordenone e Venezia, in un ambiente pulito e privo di fumo. La lavorazione manuale richiede diverse ore di paziente lavorazione e garantisce l&#8217;unicit\u00e0 di ogni accessorio.<\/p>\n","protected":false},"excerpt":{"rendered":"<p>Cerchietto bombato con applicazione di petali di rosa in seta bianca<\/p>\n<ul>\n<li>Tempo di lavorazione: 4 settimane<\/li>\n<li>Disponibile in altri colori solo su richiesta<\/li>\n<li>Spedito in scatola da regalo<\/li>\n<\/ul>\n","protected":false},"featured_media":10121,"comment_status":"closed","ping_status":"closed","template":"","meta":[],"product_brand":[],"product_cat":[118,636,786,116],"product_tag":[300,259,461,637,788],"class_list":{"0":"post-10112","1":"product","2":"type-product","3":"status-publish","4":"has-post-thumbnail","6":"product_cat-accessori-per-capelli","7":"product_cat-cerchietti","8":"product_cat-collezione-preraffaelliti","9":"product_cat-sposa","10":"product_tag-300","11":"product_tag-accessori-capelli","12":"product_tag-accessorio-da-sposa","13":"product_tag-cerchietto-gioiello","14":"product_tag-organza-di-seta","15":"product_shipping_class-classe2","17":"first","18":"instock","19":"purchasable","20":"product-type-simple"},"yoast_head":"<!-- This site is optimized with the Yoast SEO plugin v27.1.1 - https:\/\/yoast.com\/product\/yoast-seo-wordpress\/ -->\n<title>Cerchietto imbottito petali rosa<\/title>\n<meta name=\"description\" content=\"Cerchietto imbottito con petali di rosa in seta per la sposa o da cerimonia. Elegante ed etereo, interamente realizzato a mano in Italia.\" \/>\n<meta name=\"robots\" content=\"index, follow, max-snippet:-1, max-image-preview:large, max-video-preview:-1\" \/>\n<link rel=\"canonical\" href=\"https:\/\/www.labottegaliventina.com\/prodotti\/cerchietto-imbottito-petali-rosa\/\" \/>\n<meta property=\"og:locale\" content=\"en_US\" \/>\n<meta property=\"og:type\" content=\"article\" \/>\n<meta property=\"og:title\" content=\"Cerchietto imbottito petali rosa\" \/>\n<meta property=\"og:description\" content=\"Cerchietto imbottito con petali di rosa in seta per la sposa o da cerimonia. Elegante ed etereo, interamente realizzato a mano in Italia.\" \/>\n<meta property=\"og:url\" content=\"https:\/\/www.labottegaliventina.com\/prodotti\/cerchietto-imbottito-petali-rosa\/\" \/>\n<meta property=\"og:site_name\" content=\"La Bottega Liventina \u2013 Jewelry and accessories\" \/>\n<meta property=\"article:publisher\" content=\"https:\/\/www.facebook.com\/labottegaliventina\" \/>\n<meta property=\"article:modified_time\" content=\"2026-03-27T13:52:04+00:00\" \/>\n<meta property=\"og:image\" content=\"https:\/\/www.labottegaliventina.com\/wp-content\/uploads\/2026\/03\/LBL_cap_098_cerchietto-ricamato-petali-di-rosa-rose-petals_embroidered_headband_05.jpeg\" \/>\n\t<meta property=\"og:image:width\" content=\"1848\" \/>\n\t<meta property=\"og:image:height\" content=\"1858\" \/>\n\t<meta property=\"og:image:type\" content=\"image\/jpeg\" \/>\n<meta name=\"twitter:card\" content=\"summary_large_image\" \/>\n<meta name=\"twitter:label1\" content=\"Est. reading time\" \/>\n\t<meta name=\"twitter:data1\" content=\"2 minutes\" \/>\n<script type=\"application\/ld+json\" class=\"yoast-schema-graph\">{\"@context\":\"https:\/\/schema.org\",\"@graph\":[{\"@type\":\"WebPage\",\"@id\":\"https:\/\/www.labottegaliventina.com\/prodotti\/cerchietto-imbottito-petali-rosa\/\",\"url\":\"https:\/\/www.labottegaliventina.com\/prodotti\/cerchietto-imbottito-petali-rosa\/\",\"name\":\"Cerchietto imbottito petali rosa\",\"isPartOf\":{\"@id\":\"https:\/\/www.labottegaliventina.com\/#website\"},\"primaryImageOfPage\":{\"@id\":\"https:\/\/www.labottegaliventina.com\/prodotti\/cerchietto-imbottito-petali-rosa\/#primaryimage\"},\"image\":{\"@id\":\"https:\/\/www.labottegaliventina.com\/prodotti\/cerchietto-imbottito-petali-rosa\/#primaryimage\"},\"thumbnailUrl\":\"https:\/\/www.labottegaliventina.com\/wp-content\/uploads\/2026\/03\/LBL_cap_098_cerchietto-ricamato-petali-di-rosa-rose-petals_embroidered_headband_05.jpeg\",\"datePublished\":\"2026-03-04T14:32:45+00:00\",\"dateModified\":\"2026-03-27T13:52:04+00:00\",\"description\":\"Cerchietto imbottito con petali di rosa in seta per la sposa o da cerimonia. Elegante ed etereo, interamente realizzato a mano in Italia.\",\"breadcrumb\":{\"@id\":\"https:\/\/www.labottegaliventina.com\/prodotti\/cerchietto-imbottito-petali-rosa\/#breadcrumb\"},\"inLanguage\":\"en-US\",\"potentialAction\":[{\"@type\":\"ReadAction\",\"target\":[\"https:\/\/www.labottegaliventina.com\/prodotti\/cerchietto-imbottito-petali-rosa\/\"]}]},{\"@type\":\"ImageObject\",\"inLanguage\":\"en-US\",\"@id\":\"https:\/\/www.labottegaliventina.com\/prodotti\/cerchietto-imbottito-petali-rosa\/#primaryimage\",\"url\":\"https:\/\/www.labottegaliventina.com\/wp-content\/uploads\/2026\/03\/LBL_cap_098_cerchietto-ricamato-petali-di-rosa-rose-petals_embroidered_headband_05.jpeg\",\"contentUrl\":\"https:\/\/www.labottegaliventina.com\/wp-content\/uploads\/2026\/03\/LBL_cap_098_cerchietto-ricamato-petali-di-rosa-rose-petals_embroidered_headband_05.jpeg\",\"width\":1848,\"height\":1858,\"caption\":\"cerchietto imbottito petali di rosa\"},{\"@type\":\"BreadcrumbList\",\"@id\":\"https:\/\/www.labottegaliventina.com\/prodotti\/cerchietto-imbottito-petali-rosa\/#breadcrumb\",\"itemListElement\":[{\"@type\":\"ListItem\",\"position\":1,\"name\":\"Home\",\"item\":\"https:\/\/www.labottegaliventina.com\/en\/\"},{\"@type\":\"ListItem\",\"position\":2,\"name\":\"Shop\",\"item\":\"https:\/\/www.labottegaliventina.com\/negozio\/\"},{\"@type\":\"ListItem\",\"position\":3,\"name\":\"Cerchietto imbottito con petali di rosa in seta\"}]},{\"@type\":\"WebSite\",\"@id\":\"https:\/\/www.labottegaliventina.com\/#website\",\"url\":\"https:\/\/www.labottegaliventina.com\/\",\"name\":\"La Bottega Liventina \u2013 Jewelry and accessories\",\"description\":\"Accessori per capelli e gioielli per la sposa e occasioni speciali\",\"publisher\":{\"@id\":\"https:\/\/www.labottegaliventina.com\/#organization\"},\"potentialAction\":[{\"@type\":\"SearchAction\",\"target\":{\"@type\":\"EntryPoint\",\"urlTemplate\":\"https:\/\/www.labottegaliventina.com\/?s={search_term_string}\"},\"query-input\":{\"@type\":\"PropertyValueSpecification\",\"valueRequired\":true,\"valueName\":\"search_term_string\"}}],\"inLanguage\":\"en-US\"},{\"@type\":\"Organization\",\"@id\":\"https:\/\/www.labottegaliventina.com\/#organization\",\"name\":\"La Bottega Liventina \u2013 Jewelry and accessories\",\"url\":\"https:\/\/www.labottegaliventina.com\/\",\"logo\":{\"@type\":\"ImageObject\",\"inLanguage\":\"en-US\",\"@id\":\"https:\/\/www.labottegaliventina.com\/#\/schema\/logo\/image\/\",\"url\":\"https:\/\/www.labottegaliventina.com\/wp-content\/uploads\/2020\/12\/LBLmarchioEN_blue.jpg\",\"contentUrl\":\"https:\/\/www.labottegaliventina.com\/wp-content\/uploads\/2020\/12\/LBLmarchioEN_blue.jpg\",\"width\":1890,\"height\":945,\"caption\":\"La Bottega Liventina \u2013 Jewelry and accessories\"},\"image\":{\"@id\":\"https:\/\/www.labottegaliventina.com\/#\/schema\/logo\/image\/\"},\"sameAs\":[\"https:\/\/www.facebook.com\/labottegaliventina\"]}]}<\/script>\n<!-- \/ Yoast SEO plugin. -->","yoast_head_json":{"title":"Cerchietto imbottito petali rosa","description":"Cerchietto imbottito con petali di rosa in seta per la sposa o da cerimonia. Elegante ed etereo, interamente realizzato a mano in Italia.","robots":{"index":"index","follow":"follow","max-snippet":"max-snippet:-1","max-image-preview":"max-image-preview:large","max-video-preview":"max-video-preview:-1"},"canonical":"https:\/\/www.labottegaliventina.com\/prodotti\/cerchietto-imbottito-petali-rosa\/","og_locale":"en_US","og_type":"article","og_title":"Cerchietto imbottito petali rosa","og_description":"Cerchietto imbottito con petali di rosa in seta per la sposa o da cerimonia. Elegante ed etereo, interamente realizzato a mano in Italia.","og_url":"https:\/\/www.labottegaliventina.com\/prodotti\/cerchietto-imbottito-petali-rosa\/","og_site_name":"La Bottega Liventina \u2013 Jewelry and accessories","article_publisher":"https:\/\/www.facebook.com\/labottegaliventina","article_modified_time":"2026-03-27T13:52:04+00:00","og_image":[{"width":1848,"height":1858,"url":"https:\/\/www.labottegaliventina.com\/wp-content\/uploads\/2026\/03\/LBL_cap_098_cerchietto-ricamato-petali-di-rosa-rose-petals_embroidered_headband_05.jpeg","type":"image\/jpeg"}],"twitter_card":"summary_large_image","twitter_misc":{"Est. reading time":"2 minutes"},"schema":{"@context":"https:\/\/schema.org","@graph":[{"@type":"WebPage","@id":"https:\/\/www.labottegaliventina.com\/prodotti\/cerchietto-imbottito-petali-rosa\/","url":"https:\/\/www.labottegaliventina.com\/prodotti\/cerchietto-imbottito-petali-rosa\/","name":"Cerchietto imbottito petali rosa","isPartOf":{"@id":"https:\/\/www.labottegaliventina.com\/#website"},"primaryImageOfPage":{"@id":"https:\/\/www.labottegaliventina.com\/prodotti\/cerchietto-imbottito-petali-rosa\/#primaryimage"},"image":{"@id":"https:\/\/www.labottegaliventina.com\/prodotti\/cerchietto-imbottito-petali-rosa\/#primaryimage"},"thumbnailUrl":"https:\/\/www.labottegaliventina.com\/wp-content\/uploads\/2026\/03\/LBL_cap_098_cerchietto-ricamato-petali-di-rosa-rose-petals_embroidered_headband_05.jpeg","datePublished":"2026-03-04T14:32:45+00:00","dateModified":"2026-03-27T13:52:04+00:00","description":"Cerchietto imbottito con petali di rosa in seta per la sposa o da cerimonia. Elegante ed etereo, interamente realizzato a mano in Italia.","breadcrumb":{"@id":"https:\/\/www.labottegaliventina.com\/prodotti\/cerchietto-imbottito-petali-rosa\/#breadcrumb"},"inLanguage":"en-US","potentialAction":[{"@type":"ReadAction","target":["https:\/\/www.labottegaliventina.com\/prodotti\/cerchietto-imbottito-petali-rosa\/"]}]},{"@type":"ImageObject","inLanguage":"en-US","@id":"https:\/\/www.labottegaliventina.com\/prodotti\/cerchietto-imbottito-petali-rosa\/#primaryimage","url":"https:\/\/www.labottegaliventina.com\/wp-content\/uploads\/2026\/03\/LBL_cap_098_cerchietto-ricamato-petali-di-rosa-rose-petals_embroidered_headband_05.jpeg","contentUrl":"https:\/\/www.labottegaliventina.com\/wp-content\/uploads\/2026\/03\/LBL_cap_098_cerchietto-ricamato-petali-di-rosa-rose-petals_embroidered_headband_05.jpeg","width":1848,"height":1858,"caption":"cerchietto imbottito petali di rosa"},{"@type":"BreadcrumbList","@id":"https:\/\/www.labottegaliventina.com\/prodotti\/cerchietto-imbottito-petali-rosa\/#breadcrumb","itemListElement":[{"@type":"ListItem","position":1,"name":"Home","item":"https:\/\/www.labottegaliventina.com\/en\/"},{"@type":"ListItem","position":2,"name":"Shop","item":"https:\/\/www.labottegaliventina.com\/negozio\/"},{"@type":"ListItem","position":3,"name":"Cerchietto imbottito con petali di rosa in seta"}]},{"@type":"WebSite","@id":"https:\/\/www.labottegaliventina.com\/#website","url":"https:\/\/www.labottegaliventina.com\/","name":"La Bottega Liventina \u2013 Jewelry and accessories","description":"Accessori per capelli e gioielli per la sposa e occasioni speciali","publisher":{"@id":"https:\/\/www.labottegaliventina.com\/#organization"},"potentialAction":[{"@type":"SearchAction","target":{"@type":"EntryPoint","urlTemplate":"https:\/\/www.labottegaliventina.com\/?s={search_term_string}"},"query-input":{"@type":"PropertyValueSpecification","valueRequired":true,"valueName":"search_term_string"}}],"inLanguage":"en-US"},{"@type":"Organization","@id":"https:\/\/www.labottegaliventina.com\/#organization","name":"La Bottega Liventina \u2013 Jewelry and accessories","url":"https:\/\/www.labottegaliventina.com\/","logo":{"@type":"ImageObject","inLanguage":"en-US","@id":"https:\/\/www.labottegaliventina.com\/#\/schema\/logo\/image\/","url":"https:\/\/www.labottegaliventina.com\/wp-content\/uploads\/2020\/12\/LBLmarchioEN_blue.jpg","contentUrl":"https:\/\/www.labottegaliventina.com\/wp-content\/uploads\/2020\/12\/LBLmarchioEN_blue.jpg","width":1890,"height":945,"caption":"La Bottega Liventina \u2013 Jewelry and accessories"},"image":{"@id":"https:\/\/www.labottegaliventina.com\/#\/schema\/logo\/image\/"},"sameAs":["https:\/\/www.facebook.com\/labottegaliventina"]}]}},"_links":{"self":[{"href":"https:\/\/www.labottegaliventina.com\/en\/wp-json\/wp\/v2\/product\/10112","targetHints":{"allow":["GET"]}}],"collection":[{"href":"https:\/\/www.labottegaliventina.com\/en\/wp-json\/wp\/v2\/product"}],"about":[{"href":"https:\/\/www.labottegaliventina.com\/en\/wp-json\/wp\/v2\/types\/product"}],"replies":[{"embeddable":true,"href":"https:\/\/www.labottegaliventina.com\/en\/wp-json\/wp\/v2\/comments?post=10112"}],"wp:featuredmedia":[{"embeddable":true,"href":"https:\/\/www.labottegaliventina.com\/en\/wp-json\/wp\/v2\/media\/10121"}],"wp:attachment":[{"href":"https:\/\/www.labottegaliventina.com\/en\/wp-json\/wp\/v2\/media?parent=10112"}],"wp:term":[{"taxonomy":"product_brand","embeddable":true,"href":"https:\/\/www.labottegaliventina.com\/en\/wp-json\/wp\/v2\/product_brand?post=10112"},{"taxonomy":"product_cat","embeddable":true,"href":"https:\/\/www.labottegaliventina.com\/en\/wp-json\/wp\/v2\/product_cat?post=10112"},{"taxonomy":"product_tag","embeddable":true,"href":"https:\/\/www.labottegaliventina.com\/en\/wp-json\/wp\/v2\/product_tag?post=10112"}],"curies":[{"name":"wp","href":"https:\/\/api.w.org\/{rel}","templated":true}]}}