{"id":10187,"date":"2026-04-08T11:59:50","date_gmt":"2026-04-08T09:59:50","guid":{"rendered":"https:\/\/www.labottegaliventina.com\/?post_type=product&#038;p=10187"},"modified":"2026-04-08T15:34:33","modified_gmt":"2026-04-08T13:34:33","slug":"collana-chagall-con-catena-oro-e-pietre-dure","status":"publish","type":"product","link":"https:\/\/www.labottegaliventina.com\/en\/prodotti\/collana-chagall-con-catena-oro-e-pietre-dure\/","title":{"rendered":"Collana Chagall con catena oro e pietre dure"},"content":{"rendered":"<h1>Dettagli prodotto<\/h1>\n<p>Collana lunga Chagall con catena in acciaio inox oro e pietre dure. Le pietre utilizzate sono: agata striata gialla, agata striata rossa e nera, crisoprasio, agata verde, agata striata rosa e viola, lapislazzuli, cristallo di rocca gold plated e madreperla bianca. Chiusura a T-bar in zamac dorato a forma di violino. Lunghezza totale collana cm. 86. Data la natura dei materiali, ogni gioiello \u00e8 da considerarsi un pezzo unico e pu\u00f2 differire leggermente dalle foto. Edizione limitata.<\/p>\n<h2>Consigli di stile<\/h2>\n<p>La collana Chagall con catena oro e pietre dure \u00e8 un gioiello divertente e pieno di colore, ispirato alla palette del celebre dipinto &#8220;Il violinista&#8221; di Marc Chagall. Si abbina facilmente a molti outfit, donando un tocco di vivacit\u00e0 anche al look pi\u00f9 semplice. Questa collana si pu\u00f2 indossare lunga a un giro, ma anche a girocollo a due giri.<\/p>\n<h3>Altre informazioni<\/h3>\n<p>I gioielli della Bottega Liventina sono interamente progettati e realizzati a mano in Italia, e ognuno di essi ha richiesto diverse ore di attenta e paziente lavorazione. Per richiedere un ordine personalizzato, compila il form alla pagina <a href=\"https:\/\/www.labottegaliventina.com\/contatti\/\">Contatti<\/a>\u00a0o scrivi a info@labottegaliventina.com.<\/p>\n","protected":false},"excerpt":{"rendered":"<p>Collana lunga con catena in acciaio inox oro e pietre dure colorate<\/p>\n<ul>\n<li>ogni pezzo \u00e8 unico<\/li>\n<li>spedita in scatola da regalo<\/li>\n<li>pronta per la spedizione in 3 giorni<\/li>\n<\/ul>\n","protected":false},"featured_media":10190,"comment_status":"open","ping_status":"closed","template":"","meta":[],"product_brand":[],"product_cat":[790],"product_tag":[792,791,257,251,252],"class_list":{"0":"post-10187","1":"product","2":"type-product","3":"status-publish","4":"has-post-thumbnail","6":"product_cat-collane-perle-pietre-dure","7":"product_tag-acciaio-inox","8":"product_tag-collana-lunga","9":"product_tag-collane","10":"product_tag-oro","11":"product_tag-pietre-dure","13":"first","14":"instock","15":"shipping-taxable","16":"purchasable","17":"product-type-simple"},"yoast_head":"<!-- This site is optimized with the Yoast SEO plugin v27.1.1 - https:\/\/yoast.com\/product\/yoast-seo-wordpress\/ -->\n<title>collana chagall pietre dure<\/title>\n<meta name=\"description\" content=\"Collana Chagall in acciaio inox oro e pietre dure. Collana colorata per donne di carattere e amanti della pittura. Fatta a mano in Italia.\" \/>\n<meta name=\"robots\" content=\"index, follow, max-snippet:-1, max-image-preview:large, max-video-preview:-1\" \/>\n<link rel=\"canonical\" href=\"https:\/\/www.labottegaliventina.com\/prodotti\/collana-chagall-con-catena-oro-e-pietre-dure\/\" \/>\n<meta property=\"og:locale\" content=\"en_US\" \/>\n<meta property=\"og:type\" content=\"article\" \/>\n<meta property=\"og:title\" content=\"collana chagall pietre dure\" \/>\n<meta property=\"og:description\" content=\"Collana Chagall in acciaio inox oro e pietre dure. Collana colorata per donne di carattere e amanti della pittura. Fatta a mano in Italia.\" \/>\n<meta property=\"og:url\" content=\"https:\/\/www.labottegaliventina.com\/prodotti\/collana-chagall-con-catena-oro-e-pietre-dure\/\" \/>\n<meta property=\"og:site_name\" content=\"La Bottega Liventina \u2013 Jewelry and accessories\" \/>\n<meta property=\"article:publisher\" content=\"https:\/\/www.facebook.com\/labottegaliventina\" \/>\n<meta property=\"article:modified_time\" content=\"2026-04-08T13:34:33+00:00\" \/>\n<meta property=\"og:image\" content=\"https:\/\/www.labottegaliventina.com\/wp-content\/uploads\/2026\/04\/CHAGALL_2.jpeg\" \/>\n\t<meta property=\"og:image:width\" content=\"1848\" \/>\n\t<meta property=\"og:image:height\" content=\"1838\" \/>\n\t<meta property=\"og:image:type\" content=\"image\/jpeg\" \/>\n<meta name=\"twitter:card\" content=\"summary_large_image\" \/>\n<meta name=\"twitter:label1\" content=\"Est. reading time\" \/>\n\t<meta name=\"twitter:data1\" content=\"2 minutes\" \/>\n<script type=\"application\/ld+json\" class=\"yoast-schema-graph\">{\"@context\":\"https:\/\/schema.org\",\"@graph\":[{\"@type\":\"WebPage\",\"@id\":\"https:\/\/www.labottegaliventina.com\/prodotti\/collana-chagall-con-catena-oro-e-pietre-dure\/\",\"url\":\"https:\/\/www.labottegaliventina.com\/prodotti\/collana-chagall-con-catena-oro-e-pietre-dure\/\",\"name\":\"collana chagall pietre dure\",\"isPartOf\":{\"@id\":\"https:\/\/www.labottegaliventina.com\/#website\"},\"primaryImageOfPage\":{\"@id\":\"https:\/\/www.labottegaliventina.com\/prodotti\/collana-chagall-con-catena-oro-e-pietre-dure\/#primaryimage\"},\"image\":{\"@id\":\"https:\/\/www.labottegaliventina.com\/prodotti\/collana-chagall-con-catena-oro-e-pietre-dure\/#primaryimage\"},\"thumbnailUrl\":\"https:\/\/www.labottegaliventina.com\/wp-content\/uploads\/2026\/04\/CHAGALL_2.jpeg\",\"datePublished\":\"2026-04-08T09:59:50+00:00\",\"dateModified\":\"2026-04-08T13:34:33+00:00\",\"description\":\"Collana Chagall in acciaio inox oro e pietre dure. Collana colorata per donne di carattere e amanti della pittura. Fatta a mano in Italia.\",\"breadcrumb\":{\"@id\":\"https:\/\/www.labottegaliventina.com\/prodotti\/collana-chagall-con-catena-oro-e-pietre-dure\/#breadcrumb\"},\"inLanguage\":\"en-US\",\"potentialAction\":[{\"@type\":\"ReadAction\",\"target\":[\"https:\/\/www.labottegaliventina.com\/prodotti\/collana-chagall-con-catena-oro-e-pietre-dure\/\"]}]},{\"@type\":\"ImageObject\",\"inLanguage\":\"en-US\",\"@id\":\"https:\/\/www.labottegaliventina.com\/prodotti\/collana-chagall-con-catena-oro-e-pietre-dure\/#primaryimage\",\"url\":\"https:\/\/www.labottegaliventina.com\/wp-content\/uploads\/2026\/04\/CHAGALL_2.jpeg\",\"contentUrl\":\"https:\/\/www.labottegaliventina.com\/wp-content\/uploads\/2026\/04\/CHAGALL_2.jpeg\",\"width\":1848,\"height\":1838,\"caption\":\"collana chagall pietre dure\"},{\"@type\":\"BreadcrumbList\",\"@id\":\"https:\/\/www.labottegaliventina.com\/prodotti\/collana-chagall-con-catena-oro-e-pietre-dure\/#breadcrumb\",\"itemListElement\":[{\"@type\":\"ListItem\",\"position\":1,\"name\":\"Home\",\"item\":\"https:\/\/www.labottegaliventina.com\/en\/\"},{\"@type\":\"ListItem\",\"position\":2,\"name\":\"Shop\",\"item\":\"https:\/\/www.labottegaliventina.com\/negozio\/\"},{\"@type\":\"ListItem\",\"position\":3,\"name\":\"Collana Chagall con catena oro e pietre dure\"}]},{\"@type\":\"WebSite\",\"@id\":\"https:\/\/www.labottegaliventina.com\/#website\",\"url\":\"https:\/\/www.labottegaliventina.com\/\",\"name\":\"La Bottega Liventina \u2013 Jewelry and accessories\",\"description\":\"Accessori per capelli e gioielli per la sposa e occasioni speciali\",\"publisher\":{\"@id\":\"https:\/\/www.labottegaliventina.com\/#organization\"},\"potentialAction\":[{\"@type\":\"SearchAction\",\"target\":{\"@type\":\"EntryPoint\",\"urlTemplate\":\"https:\/\/www.labottegaliventina.com\/?s={search_term_string}\"},\"query-input\":{\"@type\":\"PropertyValueSpecification\",\"valueRequired\":true,\"valueName\":\"search_term_string\"}}],\"inLanguage\":\"en-US\"},{\"@type\":\"Organization\",\"@id\":\"https:\/\/www.labottegaliventina.com\/#organization\",\"name\":\"La Bottega Liventina \u2013 Jewelry and accessories\",\"url\":\"https:\/\/www.labottegaliventina.com\/\",\"logo\":{\"@type\":\"ImageObject\",\"inLanguage\":\"en-US\",\"@id\":\"https:\/\/www.labottegaliventina.com\/#\/schema\/logo\/image\/\",\"url\":\"https:\/\/www.labottegaliventina.com\/wp-content\/uploads\/2020\/12\/LBLmarchioEN_blue.jpg\",\"contentUrl\":\"https:\/\/www.labottegaliventina.com\/wp-content\/uploads\/2020\/12\/LBLmarchioEN_blue.jpg\",\"width\":1890,\"height\":945,\"caption\":\"La Bottega Liventina \u2013 Jewelry and accessories\"},\"image\":{\"@id\":\"https:\/\/www.labottegaliventina.com\/#\/schema\/logo\/image\/\"},\"sameAs\":[\"https:\/\/www.facebook.com\/labottegaliventina\"]}]}<\/script>\n<!-- \/ Yoast SEO plugin. -->","yoast_head_json":{"title":"collana chagall pietre dure","description":"Collana Chagall in acciaio inox oro e pietre dure. Collana colorata per donne di carattere e amanti della pittura. Fatta a mano in Italia.","robots":{"index":"index","follow":"follow","max-snippet":"max-snippet:-1","max-image-preview":"max-image-preview:large","max-video-preview":"max-video-preview:-1"},"canonical":"https:\/\/www.labottegaliventina.com\/prodotti\/collana-chagall-con-catena-oro-e-pietre-dure\/","og_locale":"en_US","og_type":"article","og_title":"collana chagall pietre dure","og_description":"Collana Chagall in acciaio inox oro e pietre dure. Collana colorata per donne di carattere e amanti della pittura. Fatta a mano in Italia.","og_url":"https:\/\/www.labottegaliventina.com\/prodotti\/collana-chagall-con-catena-oro-e-pietre-dure\/","og_site_name":"La Bottega Liventina \u2013 Jewelry and accessories","article_publisher":"https:\/\/www.facebook.com\/labottegaliventina","article_modified_time":"2026-04-08T13:34:33+00:00","og_image":[{"width":1848,"height":1838,"url":"https:\/\/www.labottegaliventina.com\/wp-content\/uploads\/2026\/04\/CHAGALL_2.jpeg","type":"image\/jpeg"}],"twitter_card":"summary_large_image","twitter_misc":{"Est. reading time":"2 minutes"},"schema":{"@context":"https:\/\/schema.org","@graph":[{"@type":"WebPage","@id":"https:\/\/www.labottegaliventina.com\/prodotti\/collana-chagall-con-catena-oro-e-pietre-dure\/","url":"https:\/\/www.labottegaliventina.com\/prodotti\/collana-chagall-con-catena-oro-e-pietre-dure\/","name":"collana chagall pietre dure","isPartOf":{"@id":"https:\/\/www.labottegaliventina.com\/#website"},"primaryImageOfPage":{"@id":"https:\/\/www.labottegaliventina.com\/prodotti\/collana-chagall-con-catena-oro-e-pietre-dure\/#primaryimage"},"image":{"@id":"https:\/\/www.labottegaliventina.com\/prodotti\/collana-chagall-con-catena-oro-e-pietre-dure\/#primaryimage"},"thumbnailUrl":"https:\/\/www.labottegaliventina.com\/wp-content\/uploads\/2026\/04\/CHAGALL_2.jpeg","datePublished":"2026-04-08T09:59:50+00:00","dateModified":"2026-04-08T13:34:33+00:00","description":"Collana Chagall in acciaio inox oro e pietre dure. Collana colorata per donne di carattere e amanti della pittura. Fatta a mano in Italia.","breadcrumb":{"@id":"https:\/\/www.labottegaliventina.com\/prodotti\/collana-chagall-con-catena-oro-e-pietre-dure\/#breadcrumb"},"inLanguage":"en-US","potentialAction":[{"@type":"ReadAction","target":["https:\/\/www.labottegaliventina.com\/prodotti\/collana-chagall-con-catena-oro-e-pietre-dure\/"]}]},{"@type":"ImageObject","inLanguage":"en-US","@id":"https:\/\/www.labottegaliventina.com\/prodotti\/collana-chagall-con-catena-oro-e-pietre-dure\/#primaryimage","url":"https:\/\/www.labottegaliventina.com\/wp-content\/uploads\/2026\/04\/CHAGALL_2.jpeg","contentUrl":"https:\/\/www.labottegaliventina.com\/wp-content\/uploads\/2026\/04\/CHAGALL_2.jpeg","width":1848,"height":1838,"caption":"collana chagall pietre dure"},{"@type":"BreadcrumbList","@id":"https:\/\/www.labottegaliventina.com\/prodotti\/collana-chagall-con-catena-oro-e-pietre-dure\/#breadcrumb","itemListElement":[{"@type":"ListItem","position":1,"name":"Home","item":"https:\/\/www.labottegaliventina.com\/en\/"},{"@type":"ListItem","position":2,"name":"Shop","item":"https:\/\/www.labottegaliventina.com\/negozio\/"},{"@type":"ListItem","position":3,"name":"Collana Chagall con catena oro e pietre dure"}]},{"@type":"WebSite","@id":"https:\/\/www.labottegaliventina.com\/#website","url":"https:\/\/www.labottegaliventina.com\/","name":"La Bottega Liventina \u2013 Jewelry and accessories","description":"Accessori per capelli e gioielli per la sposa e occasioni speciali","publisher":{"@id":"https:\/\/www.labottegaliventina.com\/#organization"},"potentialAction":[{"@type":"SearchAction","target":{"@type":"EntryPoint","urlTemplate":"https:\/\/www.labottegaliventina.com\/?s={search_term_string}"},"query-input":{"@type":"PropertyValueSpecification","valueRequired":true,"valueName":"search_term_string"}}],"inLanguage":"en-US"},{"@type":"Organization","@id":"https:\/\/www.labottegaliventina.com\/#organization","name":"La Bottega Liventina \u2013 Jewelry and accessories","url":"https:\/\/www.labottegaliventina.com\/","logo":{"@type":"ImageObject","inLanguage":"en-US","@id":"https:\/\/www.labottegaliventina.com\/#\/schema\/logo\/image\/","url":"https:\/\/www.labottegaliventina.com\/wp-content\/uploads\/2020\/12\/LBLmarchioEN_blue.jpg","contentUrl":"https:\/\/www.labottegaliventina.com\/wp-content\/uploads\/2020\/12\/LBLmarchioEN_blue.jpg","width":1890,"height":945,"caption":"La Bottega Liventina \u2013 Jewelry and accessories"},"image":{"@id":"https:\/\/www.labottegaliventina.com\/#\/schema\/logo\/image\/"},"sameAs":["https:\/\/www.facebook.com\/labottegaliventina"]}]}},"_links":{"self":[{"href":"https:\/\/www.labottegaliventina.com\/en\/wp-json\/wp\/v2\/product\/10187","targetHints":{"allow":["GET"]}}],"collection":[{"href":"https:\/\/www.labottegaliventina.com\/en\/wp-json\/wp\/v2\/product"}],"about":[{"href":"https:\/\/www.labottegaliventina.com\/en\/wp-json\/wp\/v2\/types\/product"}],"replies":[{"embeddable":true,"href":"https:\/\/www.labottegaliventina.com\/en\/wp-json\/wp\/v2\/comments?post=10187"}],"wp:featuredmedia":[{"embeddable":true,"href":"https:\/\/www.labottegaliventina.com\/en\/wp-json\/wp\/v2\/media\/10190"}],"wp:attachment":[{"href":"https:\/\/www.labottegaliventina.com\/en\/wp-json\/wp\/v2\/media?parent=10187"}],"wp:term":[{"taxonomy":"product_brand","embeddable":true,"href":"https:\/\/www.labottegaliventina.com\/en\/wp-json\/wp\/v2\/product_brand?post=10187"},{"taxonomy":"product_cat","embeddable":true,"href":"https:\/\/www.labottegaliventina.com\/en\/wp-json\/wp\/v2\/product_cat?post=10187"},{"taxonomy":"product_tag","embeddable":true,"href":"https:\/\/www.labottegaliventina.com\/en\/wp-json\/wp\/v2\/product_tag?post=10187"}],"curies":[{"name":"wp","href":"https:\/\/api.w.org\/{rel}","templated":true}]}}