{"id":10338,"date":"2026-04-20T16:52:50","date_gmt":"2026-04-20T14:52:50","guid":{"rendered":"https:\/\/www.labottegaliventina.com\/?post_type=product&#038;p=10338"},"modified":"2026-04-21T09:38:23","modified_gmt":"2026-04-21T07:38:23","slug":"collana-lunga-perla-barocca","status":"publish","type":"product","link":"https:\/\/www.labottegaliventina.com\/en\/prodotti\/collana-lunga-perla-barocca\/","title":{"rendered":"Collana lunga in acciaio inox oro con perle coltivate e pendente perla barocca"},"content":{"rendered":"<h1>Dettagli prodotto<\/h1>\n<p>Collana lunga in acciaio inox placcato oro con perle coltivate e pendente perla barocca. Le perle coltivate bianche tonde misurano 5,5-6 mm, mentre il pendente perla coltivata barocca a goccia ha una grandezza circa di 20&#215;13 mm. Il gioiello \u00e8 a catena rosario, interamente lavorato a mano. La chiusura a T-bar \u00e8 in acciaio inox placcato oro, mentre la collana \u00e8 lunga in totale 88 cm.<\/p>\n<h2>Consigli di stile<\/h2>\n<p>Raffinata e versatile, questa collana lunga con perle coltivate e pendente con perla barocca \u00e8 un gioiello versatile, indossabile a uno o due giri, che si abbina facilmente a molti outfit.<\/p>\n<h3>La Collezione<\/h3>\n<p>La Collezione ESSENTIAL raccoglie gioielli e accessori per capelli dallo stile essenziale e senza tempo. Facili da abbinare a un look sposa, sono gioielli versatili che possono essere indossati anche in altre occasioni.<\/p>\n<h3>Altre informazioni<\/h3>\n<p>I gioielli della Bottega Liventina sono interamente progettati e realizzati a mano in Italia, e ognuno di essi ha richiesto diverse ore di attenta e paziente lavorazione. Per richiedere un ordine personalizzato, compila il form alla pagina <a href=\"https:\/\/www.labottegaliventina.com\/contatti\/\">Contatti<\/a>\u00a0o scrivi a info@labottegaliventina.com.<\/p>\n","protected":false},"excerpt":{"rendered":"<p>Collana lunga con pendente perla coltivata barocca<\/p>\n<ul>\n<li>versatile e trendy<\/li>\n<li>spedita in scatola da regalo<\/li>\n<li>pronta per la spedizione in 1 settimana<\/li>\n<\/ul>\n","protected":false},"featured_media":10339,"comment_status":"closed","ping_status":"closed","template":"","meta":[],"product_brand":[],"product_cat":[790,243],"product_tag":[300,792,791,251,804,802],"class_list":{"0":"post-10338","1":"product","2":"type-product","3":"status-publish","4":"has-post-thumbnail","6":"product_cat-collane-perle-pietre-dure","7":"product_cat-collezione-essential","8":"product_tag-300","9":"product_tag-acciaio-inox","10":"product_tag-collana-lunga","11":"product_tag-oro","12":"product_tag-perla-barocca","13":"product_tag-perle-coltivate","15":"first","16":"instock","17":"shipping-taxable","18":"purchasable","19":"product-type-simple"},"yoast_head":"<!-- This site is optimized with the Yoast SEO plugin v27.1.1 - https:\/\/yoast.com\/product\/yoast-seo-wordpress\/ -->\n<title>collana lunga perla barocca<\/title>\n<meta name=\"description\" content=\"Collana lunga rosario in acciaio inox oro con pendente perla barocca. Fatta a mano in Italia con materiali di alta qualit\u00e0.\" \/>\n<meta name=\"robots\" content=\"index, follow, max-snippet:-1, max-image-preview:large, max-video-preview:-1\" \/>\n<link rel=\"canonical\" href=\"https:\/\/www.labottegaliventina.com\/prodotti\/collana-lunga-perla-barocca\/\" \/>\n<meta property=\"og:locale\" content=\"en_US\" \/>\n<meta property=\"og:type\" content=\"article\" \/>\n<meta property=\"og:title\" content=\"collana lunga perla barocca\" \/>\n<meta property=\"og:description\" content=\"Collana lunga rosario in acciaio inox oro con pendente perla barocca. Fatta a mano in Italia con materiali di alta qualit\u00e0.\" \/>\n<meta property=\"og:url\" content=\"https:\/\/www.labottegaliventina.com\/prodotti\/collana-lunga-perla-barocca\/\" \/>\n<meta property=\"og:site_name\" content=\"La Bottega Liventina \u2013 Jewelry and accessories\" \/>\n<meta property=\"article:publisher\" content=\"https:\/\/www.facebook.com\/labottegaliventina\" \/>\n<meta property=\"article:modified_time\" content=\"2026-04-21T07:38:23+00:00\" \/>\n<meta property=\"og:image\" content=\"https:\/\/www.labottegaliventina.com\/wp-content\/uploads\/2026\/04\/LBL_col_012_collana-lunga-pemdente-perla-barocca-long-necklace-with-baroque-pearl-pendant_01.jpeg\" \/>\n\t<meta property=\"og:image:width\" content=\"1848\" \/>\n\t<meta property=\"og:image:height\" content=\"1866\" \/>\n\t<meta property=\"og:image:type\" content=\"image\/jpeg\" \/>\n<meta name=\"twitter:card\" content=\"summary_large_image\" \/>\n<meta name=\"twitter:label1\" content=\"Est. reading time\" \/>\n\t<meta name=\"twitter:data1\" content=\"2 minutes\" \/>\n<script type=\"application\/ld+json\" class=\"yoast-schema-graph\">{\"@context\":\"https:\/\/schema.org\",\"@graph\":[{\"@type\":\"WebPage\",\"@id\":\"https:\/\/www.labottegaliventina.com\/prodotti\/collana-lunga-perla-barocca\/\",\"url\":\"https:\/\/www.labottegaliventina.com\/prodotti\/collana-lunga-perla-barocca\/\",\"name\":\"collana lunga perla barocca\",\"isPartOf\":{\"@id\":\"https:\/\/www.labottegaliventina.com\/#website\"},\"primaryImageOfPage\":{\"@id\":\"https:\/\/www.labottegaliventina.com\/prodotti\/collana-lunga-perla-barocca\/#primaryimage\"},\"image\":{\"@id\":\"https:\/\/www.labottegaliventina.com\/prodotti\/collana-lunga-perla-barocca\/#primaryimage\"},\"thumbnailUrl\":\"https:\/\/www.labottegaliventina.com\/wp-content\/uploads\/2026\/04\/LBL_col_012_collana-lunga-pemdente-perla-barocca-long-necklace-with-baroque-pearl-pendant_01.jpeg\",\"datePublished\":\"2026-04-20T14:52:50+00:00\",\"dateModified\":\"2026-04-21T07:38:23+00:00\",\"description\":\"Collana lunga rosario in acciaio inox oro con pendente perla barocca. Fatta a mano in Italia con materiali di alta qualit\u00e0.\",\"breadcrumb\":{\"@id\":\"https:\/\/www.labottegaliventina.com\/prodotti\/collana-lunga-perla-barocca\/#breadcrumb\"},\"inLanguage\":\"en-US\",\"potentialAction\":[{\"@type\":\"ReadAction\",\"target\":[\"https:\/\/www.labottegaliventina.com\/prodotti\/collana-lunga-perla-barocca\/\"]}]},{\"@type\":\"ImageObject\",\"inLanguage\":\"en-US\",\"@id\":\"https:\/\/www.labottegaliventina.com\/prodotti\/collana-lunga-perla-barocca\/#primaryimage\",\"url\":\"https:\/\/www.labottegaliventina.com\/wp-content\/uploads\/2026\/04\/LBL_col_012_collana-lunga-pemdente-perla-barocca-long-necklace-with-baroque-pearl-pendant_01.jpeg\",\"contentUrl\":\"https:\/\/www.labottegaliventina.com\/wp-content\/uploads\/2026\/04\/LBL_col_012_collana-lunga-pemdente-perla-barocca-long-necklace-with-baroque-pearl-pendant_01.jpeg\",\"width\":1848,\"height\":1866,\"caption\":\"collana lunga perla barocca\"},{\"@type\":\"BreadcrumbList\",\"@id\":\"https:\/\/www.labottegaliventina.com\/prodotti\/collana-lunga-perla-barocca\/#breadcrumb\",\"itemListElement\":[{\"@type\":\"ListItem\",\"position\":1,\"name\":\"Home\",\"item\":\"https:\/\/www.labottegaliventina.com\/en\/\"},{\"@type\":\"ListItem\",\"position\":2,\"name\":\"Shop\",\"item\":\"https:\/\/www.labottegaliventina.com\/negozio\/\"},{\"@type\":\"ListItem\",\"position\":3,\"name\":\"Collana lunga in acciaio inox oro con perle coltivate e pendente perla barocca\"}]},{\"@type\":\"WebSite\",\"@id\":\"https:\/\/www.labottegaliventina.com\/#website\",\"url\":\"https:\/\/www.labottegaliventina.com\/\",\"name\":\"La Bottega Liventina \u2013 Jewelry and accessories\",\"description\":\"Accessori per capelli e gioielli per la sposa e occasioni speciali\",\"publisher\":{\"@id\":\"https:\/\/www.labottegaliventina.com\/#organization\"},\"potentialAction\":[{\"@type\":\"SearchAction\",\"target\":{\"@type\":\"EntryPoint\",\"urlTemplate\":\"https:\/\/www.labottegaliventina.com\/?s={search_term_string}\"},\"query-input\":{\"@type\":\"PropertyValueSpecification\",\"valueRequired\":true,\"valueName\":\"search_term_string\"}}],\"inLanguage\":\"en-US\"},{\"@type\":\"Organization\",\"@id\":\"https:\/\/www.labottegaliventina.com\/#organization\",\"name\":\"La Bottega Liventina \u2013 Jewelry and accessories\",\"url\":\"https:\/\/www.labottegaliventina.com\/\",\"logo\":{\"@type\":\"ImageObject\",\"inLanguage\":\"en-US\",\"@id\":\"https:\/\/www.labottegaliventina.com\/#\/schema\/logo\/image\/\",\"url\":\"https:\/\/www.labottegaliventina.com\/wp-content\/uploads\/2020\/12\/LBLmarchioEN_blue.jpg\",\"contentUrl\":\"https:\/\/www.labottegaliventina.com\/wp-content\/uploads\/2020\/12\/LBLmarchioEN_blue.jpg\",\"width\":1890,\"height\":945,\"caption\":\"La Bottega Liventina \u2013 Jewelry and accessories\"},\"image\":{\"@id\":\"https:\/\/www.labottegaliventina.com\/#\/schema\/logo\/image\/\"},\"sameAs\":[\"https:\/\/www.facebook.com\/labottegaliventina\"]}]}<\/script>\n<!-- \/ Yoast SEO plugin. -->","yoast_head_json":{"title":"collana lunga perla barocca","description":"Collana lunga rosario in acciaio inox oro con pendente perla barocca. Fatta a mano in Italia con materiali di alta qualit\u00e0.","robots":{"index":"index","follow":"follow","max-snippet":"max-snippet:-1","max-image-preview":"max-image-preview:large","max-video-preview":"max-video-preview:-1"},"canonical":"https:\/\/www.labottegaliventina.com\/prodotti\/collana-lunga-perla-barocca\/","og_locale":"en_US","og_type":"article","og_title":"collana lunga perla barocca","og_description":"Collana lunga rosario in acciaio inox oro con pendente perla barocca. Fatta a mano in Italia con materiali di alta qualit\u00e0.","og_url":"https:\/\/www.labottegaliventina.com\/prodotti\/collana-lunga-perla-barocca\/","og_site_name":"La Bottega Liventina \u2013 Jewelry and accessories","article_publisher":"https:\/\/www.facebook.com\/labottegaliventina","article_modified_time":"2026-04-21T07:38:23+00:00","og_image":[{"width":1848,"height":1866,"url":"https:\/\/www.labottegaliventina.com\/wp-content\/uploads\/2026\/04\/LBL_col_012_collana-lunga-pemdente-perla-barocca-long-necklace-with-baroque-pearl-pendant_01.jpeg","type":"image\/jpeg"}],"twitter_card":"summary_large_image","twitter_misc":{"Est. reading time":"2 minutes"},"schema":{"@context":"https:\/\/schema.org","@graph":[{"@type":"WebPage","@id":"https:\/\/www.labottegaliventina.com\/prodotti\/collana-lunga-perla-barocca\/","url":"https:\/\/www.labottegaliventina.com\/prodotti\/collana-lunga-perla-barocca\/","name":"collana lunga perla barocca","isPartOf":{"@id":"https:\/\/www.labottegaliventina.com\/#website"},"primaryImageOfPage":{"@id":"https:\/\/www.labottegaliventina.com\/prodotti\/collana-lunga-perla-barocca\/#primaryimage"},"image":{"@id":"https:\/\/www.labottegaliventina.com\/prodotti\/collana-lunga-perla-barocca\/#primaryimage"},"thumbnailUrl":"https:\/\/www.labottegaliventina.com\/wp-content\/uploads\/2026\/04\/LBL_col_012_collana-lunga-pemdente-perla-barocca-long-necklace-with-baroque-pearl-pendant_01.jpeg","datePublished":"2026-04-20T14:52:50+00:00","dateModified":"2026-04-21T07:38:23+00:00","description":"Collana lunga rosario in acciaio inox oro con pendente perla barocca. Fatta a mano in Italia con materiali di alta qualit\u00e0.","breadcrumb":{"@id":"https:\/\/www.labottegaliventina.com\/prodotti\/collana-lunga-perla-barocca\/#breadcrumb"},"inLanguage":"en-US","potentialAction":[{"@type":"ReadAction","target":["https:\/\/www.labottegaliventina.com\/prodotti\/collana-lunga-perla-barocca\/"]}]},{"@type":"ImageObject","inLanguage":"en-US","@id":"https:\/\/www.labottegaliventina.com\/prodotti\/collana-lunga-perla-barocca\/#primaryimage","url":"https:\/\/www.labottegaliventina.com\/wp-content\/uploads\/2026\/04\/LBL_col_012_collana-lunga-pemdente-perla-barocca-long-necklace-with-baroque-pearl-pendant_01.jpeg","contentUrl":"https:\/\/www.labottegaliventina.com\/wp-content\/uploads\/2026\/04\/LBL_col_012_collana-lunga-pemdente-perla-barocca-long-necklace-with-baroque-pearl-pendant_01.jpeg","width":1848,"height":1866,"caption":"collana lunga perla barocca"},{"@type":"BreadcrumbList","@id":"https:\/\/www.labottegaliventina.com\/prodotti\/collana-lunga-perla-barocca\/#breadcrumb","itemListElement":[{"@type":"ListItem","position":1,"name":"Home","item":"https:\/\/www.labottegaliventina.com\/en\/"},{"@type":"ListItem","position":2,"name":"Shop","item":"https:\/\/www.labottegaliventina.com\/negozio\/"},{"@type":"ListItem","position":3,"name":"Collana lunga in acciaio inox oro con perle coltivate e pendente perla barocca"}]},{"@type":"WebSite","@id":"https:\/\/www.labottegaliventina.com\/#website","url":"https:\/\/www.labottegaliventina.com\/","name":"La Bottega Liventina \u2013 Jewelry and accessories","description":"Accessori per capelli e gioielli per la sposa e occasioni speciali","publisher":{"@id":"https:\/\/www.labottegaliventina.com\/#organization"},"potentialAction":[{"@type":"SearchAction","target":{"@type":"EntryPoint","urlTemplate":"https:\/\/www.labottegaliventina.com\/?s={search_term_string}"},"query-input":{"@type":"PropertyValueSpecification","valueRequired":true,"valueName":"search_term_string"}}],"inLanguage":"en-US"},{"@type":"Organization","@id":"https:\/\/www.labottegaliventina.com\/#organization","name":"La Bottega Liventina \u2013 Jewelry and accessories","url":"https:\/\/www.labottegaliventina.com\/","logo":{"@type":"ImageObject","inLanguage":"en-US","@id":"https:\/\/www.labottegaliventina.com\/#\/schema\/logo\/image\/","url":"https:\/\/www.labottegaliventina.com\/wp-content\/uploads\/2020\/12\/LBLmarchioEN_blue.jpg","contentUrl":"https:\/\/www.labottegaliventina.com\/wp-content\/uploads\/2020\/12\/LBLmarchioEN_blue.jpg","width":1890,"height":945,"caption":"La Bottega Liventina \u2013 Jewelry and accessories"},"image":{"@id":"https:\/\/www.labottegaliventina.com\/#\/schema\/logo\/image\/"},"sameAs":["https:\/\/www.facebook.com\/labottegaliventina"]}]}},"_links":{"self":[{"href":"https:\/\/www.labottegaliventina.com\/en\/wp-json\/wp\/v2\/product\/10338","targetHints":{"allow":["GET"]}}],"collection":[{"href":"https:\/\/www.labottegaliventina.com\/en\/wp-json\/wp\/v2\/product"}],"about":[{"href":"https:\/\/www.labottegaliventina.com\/en\/wp-json\/wp\/v2\/types\/product"}],"replies":[{"embeddable":true,"href":"https:\/\/www.labottegaliventina.com\/en\/wp-json\/wp\/v2\/comments?post=10338"}],"wp:featuredmedia":[{"embeddable":true,"href":"https:\/\/www.labottegaliventina.com\/en\/wp-json\/wp\/v2\/media\/10339"}],"wp:attachment":[{"href":"https:\/\/www.labottegaliventina.com\/en\/wp-json\/wp\/v2\/media?parent=10338"}],"wp:term":[{"taxonomy":"product_brand","embeddable":true,"href":"https:\/\/www.labottegaliventina.com\/en\/wp-json\/wp\/v2\/product_brand?post=10338"},{"taxonomy":"product_cat","embeddable":true,"href":"https:\/\/www.labottegaliventina.com\/en\/wp-json\/wp\/v2\/product_cat?post=10338"},{"taxonomy":"product_tag","embeddable":true,"href":"https:\/\/www.labottegaliventina.com\/en\/wp-json\/wp\/v2\/product_tag?post=10338"}],"curies":[{"name":"wp","href":"https:\/\/api.w.org\/{rel}","templated":true}]}}